{"id":7643,"date":"2024-03-19T00:27:20","date_gmt":"2024-03-18T16:27:20","guid":{"rendered":"https:\/\/sunteracarbide.com\/servicio"},"modified":"2025-05-16T22:21:01","modified_gmt":"2025-05-16T14:21:01","slug":"servicio","status":"publish","type":"page","link":"https:\/\/sunteracarbide.com\/es\/servicio","title":{"rendered":"SERVICIO"},"content":{"rendered":"\t\t<div data-elementor-type=\"wp-page\" data-elementor-id=\"7643\" class=\"elementor elementor-7643 elementor-52\" data-elementor-post-type=\"page\">\n\t\t\t\t<div data-particle_enable=\"false\" data-particle-mobile-disabled=\"false\" class=\"elementor-element elementor-element-cdd0e3f e-con-full e-flex e-con e-parent\" data-id=\"cdd0e3f\" data-element_type=\"container\" data-e-type=\"container\">\n\t\t\t\t<div class=\"elementor-element elementor-element-ae44d2f elementor-widget elementor-widget-image\" data-id=\"ae44d2f\" data-element_type=\"widget\" data-e-type=\"widget\" data-widget_type=\"image.default\">\n\t\t\t\t<div class=\"elementor-widget-container\">\n\t\t\t\t\t\t\t\t\t\t\t\t\t\t\t<img fetchpriority=\"high\" decoding=\"async\" width=\"1920\" height=\"500\" src=\"https:\/\/sunteracarbide.com\/wp-content\/uploads\/2025\/02\/custom-tungsten-carbide-service.jpg\" class=\"attachment-full size-full wp-image-7647\" alt=\"\" srcset=\"https:\/\/sunteracarbide.com\/wp-content\/uploads\/2025\/02\/custom-tungsten-carbide-service.jpg 1920w, https:\/\/sunteracarbide.com\/wp-content\/uploads\/2025\/02\/custom-tungsten-carbide-service-300x78.jpg 300w, https:\/\/sunteracarbide.com\/wp-content\/uploads\/2025\/02\/custom-tungsten-carbide-service-1024x267.jpg 1024w, https:\/\/sunteracarbide.com\/wp-content\/uploads\/2025\/02\/custom-tungsten-carbide-service-768x200.jpg 768w, https:\/\/sunteracarbide.com\/wp-content\/uploads\/2025\/02\/custom-tungsten-carbide-service-1536x400.jpg 1536w\" sizes=\"(max-width: 1920px) 100vw, 1920px\" \/>\t\t\t\t\t\t\t\t\t\t\t\t\t\t\t<\/div>\n\t\t\t\t<\/div>\n\t\t\t\t<\/div>\n\t\t<div data-particle_enable=\"false\" data-particle-mobile-disabled=\"false\" class=\"elementor-element elementor-element-d6b06b0 e-con-full e-flex e-con e-parent\" data-id=\"d6b06b0\" data-element_type=\"container\" data-e-type=\"container\">\n\t\t<div data-particle_enable=\"false\" data-particle-mobile-disabled=\"false\" class=\"elementor-element elementor-element-3a33bdd e-con-full e-flex e-con e-child\" data-id=\"3a33bdd\" data-element_type=\"container\" data-e-type=\"container\">\n\t\t\t\t<div class=\"elementor-element elementor-element-150c4cd elementor-widget elementor-widget-heading\" data-id=\"150c4cd\" data-element_type=\"widget\" data-e-type=\"widget\" data-widget_type=\"heading.default\">\n\t\t\t\t<div class=\"elementor-widget-container\">\n\t\t\t\t\t<h1 class=\"elementor-heading-title elementor-size-default\">Nuestros servicios<\/h1>\t\t\t\t<\/div>\n\t\t\t\t<\/div>\n\t\t\t\t<div class=\"elementor-element elementor-element-e0eaf35 elementor-widget elementor-widget-text-editor\" data-id=\"e0eaf35\" data-element_type=\"widget\" data-e-type=\"widget\" data-widget_type=\"text-editor.default\">\n\t\t\t\t<div class=\"elementor-widget-container\">\n\t\t\t\t\t\t\t\t\t<p>La adhesi\u00f3n a la norma ISO 9001:2008, la mejora continua y la garant\u00eda de calidad aseguran la calidad del producto y la satisfacci\u00f3n del cliente.<\/p>\t\t\t\t\t\t\t\t<\/div>\n\t\t\t\t<\/div>\n\t\t\t\t<\/div>\n\t\t\t\t<\/div>\n\t\t<div data-particle_enable=\"false\" data-particle-mobile-disabled=\"false\" class=\"elementor-element elementor-element-013831f e-flex e-con-boxed e-con e-parent\" data-id=\"013831f\" data-element_type=\"container\" data-e-type=\"container\">\n\t\t\t\t\t<div class=\"e-con-inner\">\n\t\t<div data-particle_enable=\"false\" data-particle-mobile-disabled=\"false\" class=\"elementor-element elementor-element-07bba5a e-con-full e-flex e-con e-child\" data-id=\"07bba5a\" data-element_type=\"container\" data-e-type=\"container\">\n\t\t<div data-particle_enable=\"false\" data-particle-mobile-disabled=\"false\" class=\"elementor-element elementor-element-f331a24 e-con-full e-flex e-con e-child\" data-id=\"f331a24\" data-element_type=\"container\" data-e-type=\"container\">\n\t\t\t\t<div class=\"elementor-element elementor-element-c57c3e6 elementor-widget elementor-widget-image\" data-id=\"c57c3e6\" data-element_type=\"widget\" data-e-type=\"widget\" data-widget_type=\"image.default\">\n\t\t\t\t<div class=\"elementor-widget-container\">\n\t\t\t\t\t\t\t\t\t\t\t\t\t\t\t<img decoding=\"async\" width=\"1024\" height=\"427\" src=\"https:\/\/sunteracarbide.com\/wp-content\/uploads\/2024\/12\/Tailor-made-tungsten-carbide-1024x427.webp\" class=\"attachment-large size-large wp-image-7653\" alt=\"\" srcset=\"https:\/\/sunteracarbide.com\/wp-content\/uploads\/2024\/12\/Tailor-made-tungsten-carbide-1024x427.webp 1024w, https:\/\/sunteracarbide.com\/wp-content\/uploads\/2024\/12\/Tailor-made-tungsten-carbide-300x125.webp 300w, https:\/\/sunteracarbide.com\/wp-content\/uploads\/2024\/12\/Tailor-made-tungsten-carbide-768x320.webp 768w, https:\/\/sunteracarbide.com\/wp-content\/uploads\/2024\/12\/Tailor-made-tungsten-carbide-1536x640.webp 1536w, https:\/\/sunteracarbide.com\/wp-content\/uploads\/2024\/12\/Tailor-made-tungsten-carbide.webp 1920w\" sizes=\"(max-width: 1024px) 100vw, 1024px\" \/>\t\t\t\t\t\t\t\t\t\t\t\t\t\t\t<\/div>\n\t\t\t\t<\/div>\n\t\t\t\t<\/div>\n\t\t<div data-particle_enable=\"false\" data-particle-mobile-disabled=\"false\" class=\"elementor-element elementor-element-e99851b e-con-full e-flex e-con e-child\" data-id=\"e99851b\" data-element_type=\"container\" data-e-type=\"container\">\n\t\t\t\t<div class=\"elementor-element elementor-element-4c3533a elementor-widget elementor-widget-heading\" data-id=\"4c3533a\" data-element_type=\"widget\" data-e-type=\"widget\" data-widget_type=\"heading.default\">\n\t\t\t\t<div class=\"elementor-widget-container\">\n\t\t\t\t\t<h2 class=\"elementor-heading-title elementor-size-default\">Personaliza piezas con formas especiales  <\/h2>\t\t\t\t<\/div>\n\t\t\t\t<\/div>\n\t\t\t\t<div class=\"elementor-element elementor-element-1bb2078 elementor-widget elementor-widget-text-editor\" data-id=\"1bb2078\" data-element_type=\"widget\" data-e-type=\"widget\" data-widget_type=\"text-editor.default\">\n\t\t\t\t<div class=\"elementor-widget-container\">\n\t\t\t\t\t\t\t\t\t<p>Bas\u00e1ndonos en tus planos, con una peque\u00f1a tolerancia de mecanizado de 0,1-1,2 mm, ahorramos en costes de mecanizado, reducimos el tiempo de descarga el\u00e9ctrica y minimizamos el corte y rectificado con hilo.<\/p>\t\t\t\t\t\t\t\t<\/div>\n\t\t\t\t<\/div>\n\t\t\t\t<\/div>\n\t\t\t\t<\/div>\n\t\t\t\t\t<\/div>\n\t\t\t\t<\/div>\n\t\t<div data-particle_enable=\"false\" data-particle-mobile-disabled=\"false\" class=\"elementor-element elementor-element-f363dc5 e-flex e-con-boxed e-con e-parent\" data-id=\"f363dc5\" data-element_type=\"container\" data-e-type=\"container\">\n\t\t\t\t\t<div class=\"e-con-inner\">\n\t\t<div data-particle_enable=\"false\" data-particle-mobile-disabled=\"false\" class=\"elementor-element elementor-element-67411e8 e-con-full e-flex e-con e-child\" data-id=\"67411e8\" data-element_type=\"container\" data-e-type=\"container\">\n\t\t<div data-particle_enable=\"false\" data-particle-mobile-disabled=\"false\" class=\"elementor-element elementor-element-7c60bf7 e-con-full e-flex e-con e-child\" data-id=\"7c60bf7\" data-element_type=\"container\" data-e-type=\"container\">\n\t\t\t\t<div class=\"elementor-element elementor-element-7946788 elementor-widget elementor-widget-heading\" data-id=\"7946788\" data-element_type=\"widget\" data-e-type=\"widget\" data-widget_type=\"heading.default\">\n\t\t\t\t<div class=\"elementor-widget-container\">\n\t\t\t\t\t<h2 class=\"elementor-heading-title elementor-size-default\">Rentable<\/h2>\t\t\t\t<\/div>\n\t\t\t\t<\/div>\n\t\t\t\t<div class=\"elementor-element elementor-element-897db86 elementor-widget elementor-widget-text-editor\" data-id=\"897db86\" data-element_type=\"widget\" data-e-type=\"widget\" data-widget_type=\"text-editor.default\">\n\t\t\t\t<div class=\"elementor-widget-container\">\n\t\t\t\t\t\t\t\t\t<p>Formado por prensado isost\u00e1tico, y procesado con sinterizaci\u00f3n HIP y tratamiento criog\u00e9nico profundo, lo que garantiza una calidad aproximadamente un 10% inferior a la de marcas conocidas similares<\/p>\t\t\t\t\t\t\t\t<\/div>\n\t\t\t\t<\/div>\n\t\t\t\t<\/div>\n\t\t<div data-particle_enable=\"false\" data-particle-mobile-disabled=\"false\" class=\"elementor-element elementor-element-c6b9d38 e-con-full e-flex e-con e-child\" data-id=\"c6b9d38\" data-element_type=\"container\" data-e-type=\"container\">\n\t\t\t\t<div class=\"elementor-element elementor-element-ecf4b20 elementor-widget elementor-widget-image\" data-id=\"ecf4b20\" data-element_type=\"widget\" data-e-type=\"widget\" data-widget_type=\"image.default\">\n\t\t\t\t<div class=\"elementor-widget-container\">\n\t\t\t\t\t\t\t\t\t\t\t\t\t\t\t<img decoding=\"async\" width=\"1024\" height=\"427\" src=\"https:\/\/sunteracarbide.com\/wp-content\/uploads\/2024\/12\/non-standard-cemented-carbides-1024x427.webp\" class=\"attachment-large size-large wp-image-7656\" alt=\"\" srcset=\"https:\/\/sunteracarbide.com\/wp-content\/uploads\/2024\/12\/non-standard-cemented-carbides-1024x427.webp 1024w, https:\/\/sunteracarbide.com\/wp-content\/uploads\/2024\/12\/non-standard-cemented-carbides-300x125.webp 300w, https:\/\/sunteracarbide.com\/wp-content\/uploads\/2024\/12\/non-standard-cemented-carbides-768x320.webp 768w, https:\/\/sunteracarbide.com\/wp-content\/uploads\/2024\/12\/non-standard-cemented-carbides-1536x640.webp 1536w, https:\/\/sunteracarbide.com\/wp-content\/uploads\/2024\/12\/non-standard-cemented-carbides.webp 1920w\" sizes=\"(max-width: 1024px) 100vw, 1024px\" \/>\t\t\t\t\t\t\t\t\t\t\t\t\t\t\t<\/div>\n\t\t\t\t<\/div>\n\t\t\t\t<\/div>\n\t\t\t\t<\/div>\n\t\t\t\t\t<\/div>\n\t\t\t\t<\/div>\n\t\t<div data-particle_enable=\"false\" data-particle-mobile-disabled=\"false\" class=\"elementor-element elementor-element-2318ba3 e-flex e-con-boxed e-con e-parent\" data-id=\"2318ba3\" data-element_type=\"container\" data-e-type=\"container\">\n\t\t\t\t\t<div class=\"e-con-inner\">\n\t\t<div data-particle_enable=\"false\" data-particle-mobile-disabled=\"false\" class=\"elementor-element elementor-element-bb6810f e-con-full e-flex e-con e-child\" data-id=\"bb6810f\" data-element_type=\"container\" data-e-type=\"container\">\n\t\t<div data-particle_enable=\"false\" data-particle-mobile-disabled=\"false\" class=\"elementor-element elementor-element-342a135 e-con-full e-flex e-con e-child\" data-id=\"342a135\" data-element_type=\"container\" data-e-type=\"container\">\n\t\t\t\t<div class=\"elementor-element elementor-element-8720de1 elementor-widget elementor-widget-image\" data-id=\"8720de1\" data-element_type=\"widget\" data-e-type=\"widget\" data-widget_type=\"image.default\">\n\t\t\t\t<div class=\"elementor-widget-container\">\n\t\t\t\t\t\t\t\t\t\t\t\t\t\t\t<img loading=\"lazy\" decoding=\"async\" width=\"1024\" height=\"427\" src=\"https:\/\/sunteracarbide.com\/wp-content\/uploads\/2024\/12\/special-shaped-cemented-carbide-1024x427.webp\" class=\"attachment-large size-large wp-image-7655\" alt=\"\" srcset=\"https:\/\/sunteracarbide.com\/wp-content\/uploads\/2024\/12\/special-shaped-cemented-carbide-1024x427.webp 1024w, https:\/\/sunteracarbide.com\/wp-content\/uploads\/2024\/12\/special-shaped-cemented-carbide-300x125.webp 300w, https:\/\/sunteracarbide.com\/wp-content\/uploads\/2024\/12\/special-shaped-cemented-carbide-768x320.webp 768w, https:\/\/sunteracarbide.com\/wp-content\/uploads\/2024\/12\/special-shaped-cemented-carbide-1536x640.webp 1536w, https:\/\/sunteracarbide.com\/wp-content\/uploads\/2024\/12\/special-shaped-cemented-carbide.webp 1920w\" sizes=\"(max-width: 1024px) 100vw, 1024px\" \/>\t\t\t\t\t\t\t\t\t\t\t\t\t\t\t<\/div>\n\t\t\t\t<\/div>\n\t\t\t\t<\/div>\n\t\t<div data-particle_enable=\"false\" data-particle-mobile-disabled=\"false\" class=\"elementor-element elementor-element-76781b8 e-con-full e-flex e-con e-child\" data-id=\"76781b8\" data-element_type=\"container\" data-e-type=\"container\">\n\t\t\t\t<div class=\"elementor-element elementor-element-1a37a1d elementor-widget elementor-widget-heading\" data-id=\"1a37a1d\" data-element_type=\"widget\" data-e-type=\"widget\" data-widget_type=\"heading.default\">\n\t\t\t\t<div class=\"elementor-widget-container\">\n\t\t\t\t\t<h2 class=\"elementor-heading-title elementor-size-default\">Servicio de env\u00edo r\u00e1pido<\/h2>\t\t\t\t<\/div>\n\t\t\t\t<\/div>\n\t\t\t\t<div class=\"elementor-element elementor-element-2c10b48 elementor-widget elementor-widget-text-editor\" data-id=\"2c10b48\" data-element_type=\"widget\" data-e-type=\"widget\" data-widget_type=\"text-editor.default\">\n\t\t\t\t<div class=\"elementor-widget-container\">\n\t\t\t\t\t\t\t\t\t<p>Los art\u00edculos peque\u00f1os suelen llegar en 5 d\u00edas, mientras que los grandes tardan unos 8 d\u00edas. Sin embargo, se espera que todos los env\u00edos lleguen a los clientes en un plazo de 4 a 6 d\u00edas. <\/p>\t\t\t\t\t\t\t\t<\/div>\n\t\t\t\t<\/div>\n\t\t\t\t<\/div>\n\t\t\t\t<\/div>\n\t\t\t\t\t<\/div>\n\t\t\t\t<\/div>\n\t\t<div data-particle_enable=\"false\" data-particle-mobile-disabled=\"false\" class=\"elementor-element elementor-element-5bda3e0f e-con-full e-flex e-con e-parent\" data-id=\"5bda3e0f\" data-element_type=\"container\" data-e-type=\"container\">\n\t\t\t\t<div class=\"elementor-element elementor-element-1dc86d0c elementor-widget elementor-widget-heading\" data-id=\"1dc86d0c\" data-element_type=\"widget\" data-e-type=\"widget\" data-widget_type=\"heading.default\">\n\t\t\t\t<div class=\"elementor-widget-container\">\n\t\t\t\t\t<h3 class=\"elementor-heading-title elementor-size-default\">PREGUNTAS FRECUENTES<\/h3>\t\t\t\t<\/div>\n\t\t\t\t<\/div>\n\t\t<div data-particle_enable=\"false\" data-particle-mobile-disabled=\"false\" class=\"elementor-element elementor-element-4f763df3 e-con-full e-flex e-con e-child\" data-id=\"4f763df3\" data-element_type=\"container\" data-e-type=\"container\">\n\t\t\t\t<div class=\"elementor-element elementor-element-64c7a040 elementor-widget__width-inherit elementor-widget elementor-widget-toggle\" data-id=\"64c7a040\" data-element_type=\"widget\" data-e-type=\"widget\" data-widget_type=\"toggle.default\">\n\t\t\t\t<div class=\"elementor-widget-container\">\n\t\t\t\t\t\t\t<div class=\"elementor-toggle\">\n\t\t\t\t\t\t\t<div class=\"elementor-toggle-item\">\n\t\t\t\t\t<h4 id=\"elementor-tab-title-1691\" class=\"elementor-tab-title\" data-tab=\"1\" role=\"button\" aria-controls=\"elementor-tab-content-1691\" aria-expanded=\"false\">\n\t\t\t\t\t\t\t\t\t\t\t\t<a class=\"elementor-toggle-title\" tabindex=\"0\">\u00bfEres una f\u00e1brica o una empresa comercial?<\/a>\n\t\t\t\t\t<\/h4>\n\n\t\t\t\t\t<div id=\"elementor-tab-content-1691\" class=\"elementor-tab-content elementor-clearfix\" data-tab=\"1\" role=\"region\" aria-labelledby=\"elementor-tab-title-1691\"><p>Somos una empresa de fabricaci\u00f3n que integra investigaci\u00f3n y desarrollo, producci\u00f3n, procesamiento y servicios de aplicaci\u00f3n de metal duro. Nuestra f\u00e1brica ocupa una superficie de 20 acres y se dedica plenamente a proporcionar productos y servicios de alta calidad a nuestros clientes. <\/p>\n<\/div>\n\t\t\t\t<\/div>\n\t\t\t\t\t\t\t<div class=\"elementor-toggle-item\">\n\t\t\t\t\t<h4 id=\"elementor-tab-title-1692\" class=\"elementor-tab-title\" data-tab=\"2\" role=\"button\" aria-controls=\"elementor-tab-content-1692\" aria-expanded=\"false\">\n\t\t\t\t\t\t\t\t\t\t\t\t<a class=\"elementor-toggle-title\" tabindex=\"0\">\u00bfD\u00f3nde est\u00e1 ubicada tu empresa?<\/a>\n\t\t\t\t\t<\/h4>\n\n\t\t\t\t\t<div id=\"elementor-tab-content-1692\" class=\"elementor-tab-content elementor-clearfix\" data-tab=\"2\" role=\"region\" aria-labelledby=\"elementor-tab-title-1692\"><p>Nuestra empresa est\u00e1 situada en la Zona Industrial de Xinhua, condado de Dayu, ciudad de Ganzhou, provincia de Jiangxi, tambi\u00e9n conocida como la \u00abCapital Mundial del Tungsteno\u00bb.<\/p>\n<\/div>\n\t\t\t\t<\/div>\n\t\t\t\t\t\t\t<div class=\"elementor-toggle-item\">\n\t\t\t\t\t<h4 id=\"elementor-tab-title-1693\" class=\"elementor-tab-title\" data-tab=\"3\" role=\"button\" aria-controls=\"elementor-tab-content-1693\" aria-expanded=\"false\">\n\t\t\t\t\t\t\t\t\t\t\t\t<a class=\"elementor-toggle-title\" tabindex=\"0\">\u00bfCu\u00e1l es la cantidad m\u00ednima de pedido para la personalizaci\u00f3n no est\u00e1ndar?<\/a>\n\t\t\t\t\t<\/h4>\n\n\t\t\t\t\t<div id=\"elementor-tab-content-1693\" class=\"elementor-tab-content elementor-clearfix\" data-tab=\"3\" role=\"region\" aria-labelledby=\"elementor-tab-title-1693\"><p>Se acepta 1 pieza.<\/p>\n<\/div>\n\t\t\t\t<\/div>\n\t\t\t\t\t\t\t<div class=\"elementor-toggle-item\">\n\t\t\t\t\t<h4 id=\"elementor-tab-title-1694\" class=\"elementor-tab-title\" data-tab=\"4\" role=\"button\" aria-controls=\"elementor-tab-content-1694\" aria-expanded=\"false\">\n\t\t\t\t\t\t\t\t\t\t\t\t<a class=\"elementor-toggle-title\" tabindex=\"0\">\u00bfOfrec\u00e9is muestras?<\/a>\n\t\t\t\t\t<\/h4>\n\n\t\t\t\t\t<div id=\"elementor-tab-content-1694\" class=\"elementor-tab-content elementor-clearfix\" data-tab=\"4\" role=\"region\" aria-labelledby=\"elementor-tab-title-1694\"><p>S\u00ed, ofrecemos muestras. Sin embargo, los compradores tienen que pagar los gastos de transporte. Adem\u00e1s, que las muestras sean gratuitas o no depende de la cantidad que compres.  <\/p>\n<\/div>\n\t\t\t\t<\/div>\n\t\t\t\t\t\t\t<div class=\"elementor-toggle-item\">\n\t\t\t\t\t<h4 id=\"elementor-tab-title-1695\" class=\"elementor-tab-title\" data-tab=\"5\" role=\"button\" aria-controls=\"elementor-tab-content-1695\" aria-expanded=\"false\">\n\t\t\t\t\t\t\t\t\t\t\t\t<a class=\"elementor-toggle-title\" tabindex=\"0\">\u00bfCu\u00e1l es el plazo de entrega?<\/a>\n\t\t\t\t\t<\/h4>\n\n\t\t\t\t\t<div id=\"elementor-tab-content-1695\" class=\"elementor-tab-content elementor-clearfix\" data-tab=\"5\" role=\"region\" aria-labelledby=\"elementor-tab-title-1695\"><p>Depende de las condiciones espec\u00edficas. Sin embargo, puede ser de 8 a 10 d\u00edas por t\u00e9rmino medio. <\/p>\n<\/div>\n\t\t\t\t<\/div>\n\t\t\t\t\t\t\t\t<\/div>\n\t\t\t\t\t\t<\/div>\n\t\t\t\t<\/div>\n\t\t\t\t<div class=\"elementor-element elementor-element-640617b elementor-widget__width-inherit elementor-widget elementor-widget-toggle\" data-id=\"640617b\" data-element_type=\"widget\" data-e-type=\"widget\" data-widget_type=\"toggle.default\">\n\t\t\t\t<div class=\"elementor-widget-container\">\n\t\t\t\t\t\t\t<div class=\"elementor-toggle\">\n\t\t\t\t\t\t\t<div class=\"elementor-toggle-item\">\n\t\t\t\t\t<h4 id=\"elementor-tab-title-1041\" class=\"elementor-tab-title\" data-tab=\"1\" role=\"button\" aria-controls=\"elementor-tab-content-1041\" aria-expanded=\"false\">\n\t\t\t\t\t\t\t\t\t\t\t\t<a class=\"elementor-toggle-title\" tabindex=\"0\">\u00bfCu\u00e1les son los principales productos de tu empresa?<\/a>\n\t\t\t\t\t<\/h4>\n\n\t\t\t\t\t<div id=\"elementor-tab-content-1041\" class=\"elementor-tab-content elementor-clearfix\" data-tab=\"1\" role=\"region\" aria-labelledby=\"elementor-tab-title-1041\"><p>Nuestros principales productos incluyen herramientas de corte de carburo cementado, moldes, piezas a medida resistentes al desgaste, chapas de estampaci\u00f3n de precisi\u00f3n, piezas brutas para matrices de estampaci\u00f3n en fr\u00edo, cuchillas para trabajar la madera, plaquitas de corte conformadas, barras redondas extralargas y acero al tungsteno no magn\u00e9tico.<\/p>\n<\/div>\n\t\t\t\t<\/div>\n\t\t\t\t\t\t\t<div class=\"elementor-toggle-item\">\n\t\t\t\t\t<h4 id=\"elementor-tab-title-1042\" class=\"elementor-tab-title\" data-tab=\"2\" role=\"button\" aria-controls=\"elementor-tab-content-1042\" aria-expanded=\"false\">\n\t\t\t\t\t\t\t\t\t\t\t\t<a class=\"elementor-toggle-title\" tabindex=\"0\">  \u00bfCu\u00e1les son las ventajas de tu empresa?<\/a>\n\t\t\t\t\t<\/h4>\n\n\t\t\t\t\t<div id=\"elementor-tab-content-1042\" class=\"elementor-tab-content elementor-clearfix\" data-tab=\"2\" role=\"region\" aria-labelledby=\"elementor-tab-title-1042\"><p>Nuestra empresa destaca por contar con un equipo profesional experimentado en la fabricaci\u00f3n de carburo cementado. Nuestros expertos proporcionan una selecci\u00f3n adecuada de materiales y recomendaciones rentables sobre el tama\u00f1o de las preformas en funci\u00f3n de los requisitos de la aplicaci\u00f3n. Disponemos de un avanzado sistema de producci\u00f3n equipado con molinos de bolas, prensas isost\u00e1ticas, hornos de sinterizaci\u00f3n y dispositivos de tratamiento criog\u00e9nico, junto con juegos completos de equipos de pruebas metalogr\u00e1ficas y de rendimiento de aleaciones. Seguimos estrictamente el sistema de calidad ISO9001 para garantizar productos estables y de alta calidad a nuestros clientes.   <\/p>\n<\/div>\n\t\t\t\t<\/div>\n\t\t\t\t\t\t\t<div class=\"elementor-toggle-item\">\n\t\t\t\t\t<h4 id=\"elementor-tab-title-1043\" class=\"elementor-tab-title\" data-tab=\"3\" role=\"button\" aria-controls=\"elementor-tab-content-1043\" aria-expanded=\"false\">\n\t\t\t\t\t\t\t\t\t\t\t\t<a class=\"elementor-toggle-title\" tabindex=\"0\">\u00bfC\u00f3mo envas\u00e1is los productos?<\/a>\n\t\t\t\t\t<\/h4>\n\n\t\t\t\t\t<div id=\"elementor-tab-content-1043\" class=\"elementor-tab-content elementor-clearfix\" data-tab=\"3\" role=\"region\" aria-labelledby=\"elementor-tab-title-1043\"><p>En general, utilizamos cajas de madera, pl\u00e1stico o cart\u00f3n. Tambi\u00e9n ponemos algunos materiales blandos en el interior para evitar posibles da\u00f1os en los productos. <\/p>\n<\/div>\n\t\t\t\t<\/div>\n\t\t\t\t\t\t\t<div class=\"elementor-toggle-item\">\n\t\t\t\t\t<h4 id=\"elementor-tab-title-1044\" class=\"elementor-tab-title\" data-tab=\"4\" role=\"button\" aria-controls=\"elementor-tab-content-1044\" aria-expanded=\"false\">\n\t\t\t\t\t\t\t\t\t\t\t\t<a class=\"elementor-toggle-title\" tabindex=\"0\">\u00bfCu\u00e1nto tengo que pagar por adelantado?<\/a>\n\t\t\t\t\t<\/h4>\n\n\t\t\t\t\t<div id=\"elementor-tab-content-1044\" class=\"elementor-tab-content elementor-clearfix\" data-tab=\"4\" role=\"region\" aria-labelledby=\"elementor-tab-title-1044\"><p>Si los productos que compras est\u00e1n en stock, tienes que hacer el pago completo; si los productos no est\u00e1n en stock, tienes que hacer aproximadamente el 50% del pago completo y entonces empezaremos el proceso de producci\u00f3n. No obstante, deber\u00e1s abonar el resto de los gastos antes de que te entreguemos los productos. <\/p>\n<\/div>\n\t\t\t\t<\/div>\n\t\t\t\t\t\t\t<div class=\"elementor-toggle-item\">\n\t\t\t\t\t<h4 id=\"elementor-tab-title-1045\" class=\"elementor-tab-title\" data-tab=\"5\" role=\"button\" aria-controls=\"elementor-tab-content-1045\" aria-expanded=\"false\">\n\t\t\t\t\t\t\t\t\t\t\t\t<a class=\"elementor-toggle-title\" tabindex=\"0\">\u00bfQu\u00e9 formas de pago acept\u00e1is?<\/a>\n\t\t\t\t\t<\/h4>\n\n\t\t\t\t\t<div id=\"elementor-tab-content-1045\" class=\"elementor-tab-content elementor-clearfix\" data-tab=\"5\" role=\"region\" aria-labelledby=\"elementor-tab-title-1045\"><p>Adem\u00e1s de las modalidades de pago indicadas anteriormente, puedes hablar con nosotros sobre la forma en que te gustar\u00eda pagar.<\/p>\n<\/div>\n\t\t\t\t<\/div>\n\t\t\t\t\t\t\t\t<\/div>\n\t\t\t\t\t\t<\/div>\n\t\t\t\t<\/div>\n\t\t\t\t<\/div>\n\t\t\t\t<\/div>\n\t\t<div data-particle_enable=\"false\" data-particle-mobile-disabled=\"false\" class=\"elementor-element elementor-element-58feb216 e-flex e-con-boxed e-con e-parent\" data-id=\"58feb216\" data-element_type=\"container\" data-e-type=\"container\" data-settings=\"{&quot;background_background&quot;:&quot;classic&quot;}\">\n\t\t\t\t\t<div class=\"e-con-inner\">\n\t\t\t\t<div class=\"elementor-element elementor-element-6f79936e elementor-widget__width-initial elementor-widget elementor-widget-heading\" data-id=\"6f79936e\" data-element_type=\"widget\" data-e-type=\"widget\" data-widget_type=\"heading.default\">\n\t\t\t\t<div class=\"elementor-widget-container\">\n\t\t\t\t\t<h3 class=\"elementor-heading-title elementor-size-default\">  Eleva tu fabricaci\u00f3n con nuestras soluciones avanzadas de carburo?<\/h3>\t\t\t\t<\/div>\n\t\t\t\t<\/div>\n\t\t\t\t<div class=\"elementor-element elementor-element-2dee0e5d elementor-widget elementor-widget-text-editor\" data-id=\"2dee0e5d\" data-element_type=\"widget\" data-e-type=\"widget\" data-widget_type=\"text-editor.default\">\n\t\t\t\t<div class=\"elementor-widget-container\">\n\t\t\t\t\t\t\t\t\t<p><strong class=\"\">Consigue una consulta y un presupuesto gratuitos<\/strong><\/p>\t\t\t\t\t\t\t\t<\/div>\n\t\t\t\t<\/div>\n\t\t\t\t<div class=\"elementor-element elementor-element-3e052e73 elementor-mobile-align-center elementor-align-center elementor-widget elementor-widget-button\" data-id=\"3e052e73\" data-element_type=\"widget\" data-e-type=\"widget\" data-widget_type=\"button.default\">\n\t\t\t\t<div class=\"elementor-widget-container\">\n\t\t\t\t\t\t\t\t\t<div class=\"elementor-button-wrapper\">\n\t\t\t\t\t<a class=\"elementor-button elementor-button-link elementor-size-sm elementor-animation-grow\" href=\"https:\/\/sunteracarbide.com\/contact-us\">\n\t\t\t\t\t\t<span class=\"elementor-button-content-wrapper\">\n\t\t\t\t\t\t\t\t\t<span class=\"elementor-button-text\">Contacta con nosotros<\/span>\n\t\t\t\t\t<\/span>\n\t\t\t\t\t<\/a>\n\t\t\t\t<\/div>\n\t\t\t\t\t\t\t\t<\/div>\n\t\t\t\t<\/div>\n\t\t\t\t\t<\/div>\n\t\t\t\t<\/div>\n\t\t\t\t<\/div>\n\t\t","protected":false},"excerpt":{"rendered":"<p>Nuestros servicios La adhesi\u00f3n a la norma ISO 9001:2008, la mejora continua y la garant\u00eda de calidad aseguran la calidad del producto y la satisfacci\u00f3n del cliente. Personaliza piezas con formas especiales Bas\u00e1ndonos en tus planos, con una peque\u00f1a tolerancia de mecanizado de 0,1-1,2 mm, ahorramos en costes de mecanizado, reducimos el tiempo de descarga&#8230;<\/p>\n","protected":false},"author":2,"featured_media":7647,"parent":0,"menu_order":5,"comment_status":"closed","ping_status":"closed","template":"","meta":{"_eb_attr":"","_kad_post_transparent":"","_kad_post_title":"","_kad_post_layout":"","_kad_post_sidebar_id":"","_kad_post_content_style":"","_kad_post_vertical_padding":"","_kad_post_feature":"","_kad_post_feature_position":"","_kad_post_header":false,"_kad_post_footer":false,"footnotes":""},"class_list":["post-7643","page","type-page","status-publish","has-post-thumbnail","hentry"],"amp_enabled":true,"_links":{"self":[{"href":"https:\/\/sunteracarbide.com\/es\/wp-json\/wp\/v2\/pages\/7643","targetHints":{"allow":["GET"]}}],"collection":[{"href":"https:\/\/sunteracarbide.com\/es\/wp-json\/wp\/v2\/pages"}],"about":[{"href":"https:\/\/sunteracarbide.com\/es\/wp-json\/wp\/v2\/types\/page"}],"author":[{"embeddable":true,"href":"https:\/\/sunteracarbide.com\/es\/wp-json\/wp\/v2\/users\/2"}],"replies":[{"embeddable":true,"href":"https:\/\/sunteracarbide.com\/es\/wp-json\/wp\/v2\/comments?post=7643"}],"version-history":[{"count":2,"href":"https:\/\/sunteracarbide.com\/es\/wp-json\/wp\/v2\/pages\/7643\/revisions"}],"predecessor-version":[{"id":7654,"href":"https:\/\/sunteracarbide.com\/es\/wp-json\/wp\/v2\/pages\/7643\/revisions\/7654"}],"wp:featuredmedia":[{"embeddable":true,"href":"https:\/\/sunteracarbide.com\/es\/wp-json\/wp\/v2\/media\/7647"}],"wp:attachment":[{"href":"https:\/\/sunteracarbide.com\/es\/wp-json\/wp\/v2\/media?parent=7643"}],"curies":[{"name":"wp","href":"https:\/\/api.w.org\/{rel}","templated":true}]}}